{"id":2880,"date":"2025-04-03T15:40:32","date_gmt":"2025-04-03T15:40:32","guid":{"rendered":"https:\/\/hightoursegypt.com\/tur-planlayicisi\/"},"modified":"2025-04-21T20:56:25","modified_gmt":"2025-04-21T20:56:25","slug":"tur-planlayicisi","status":"publish","type":"page","link":"https:\/\/hightoursegypt.com\/tr\/tur-planlayicisi\/","title":{"rendered":"Tur Planlay\u0131c\u0131s\u0131"},"content":{"rendered":"<div class=\"wpb-content-wrapper\"><p>[vc_row][vc_column][vc_raw_html css=&#8221;&#8221;]W2NvbnRhY3QtZm9ybS03IGlkPSJlOGM2M2QyIiB0aXRsZT0idHVydW51enUgw7Z6ZWxsZcWfdGnMh3JpzIduIl0=[\/vc_raw_html][\/vc_column][\/vc_row]<\/p>\n<\/div>","protected":false},"excerpt":{"rendered":"<p>[vc_row][vc_column][vc_raw_html css=&#8221;&#8221;]W2NvbnRhY3QtZm9ybS03IGlkPSJlOGM2M2QyIiB0aXRsZT0idHVydW51enUgw7Z6ZWxsZcWfdGnMh3JpzIduIl0=[\/vc_raw_html][\/vc_column][\/vc_row]<\/p>\n","protected":false},"author":427,"featured_media":0,"parent":0,"menu_order":0,"comment_status":"closed","ping_status":"closed","template":"","meta":{"footnotes":""},"class_list":["post-2880","page","type-page","status-publish","hentry"],"_links":{"self":[{"href":"https:\/\/hightoursegypt.com\/tr\/wp-json\/wp\/v2\/pages\/2880","targetHints":{"allow":["GET"]}}],"collection":[{"href":"https:\/\/hightoursegypt.com\/tr\/wp-json\/wp\/v2\/pages"}],"about":[{"href":"https:\/\/hightoursegypt.com\/tr\/wp-json\/wp\/v2\/types\/page"}],"author":[{"embeddable":true,"href":"https:\/\/hightoursegypt.com\/tr\/wp-json\/wp\/v2\/users\/427"}],"replies":[{"embeddable":true,"href":"https:\/\/hightoursegypt.com\/tr\/wp-json\/wp\/v2\/comments?post=2880"}],"version-history":[{"count":5,"href":"https:\/\/hightoursegypt.com\/tr\/wp-json\/wp\/v2\/pages\/2880\/revisions"}],"predecessor-version":[{"id":2885,"href":"https:\/\/hightoursegypt.com\/tr\/wp-json\/wp\/v2\/pages\/2880\/revisions\/2885"}],"wp:attachment":[{"href":"https:\/\/hightoursegypt.com\/tr\/wp-json\/wp\/v2\/media?parent=2880"}],"curies":[{"name":"wp","href":"https:\/\/api.w.org\/{rel}","templated":true}]}}