{"id":2873,"date":"2025-01-31T01:40:28","date_gmt":"2025-01-31T01:40:28","guid":{"rendered":"https:\/\/hightoursegypt.com\/en-son-gunluk-turlarimizi-kesfedin\/"},"modified":"2025-05-22T13:16:00","modified_gmt":"2025-05-22T13:16:00","slug":"en-son-gunluk-turlarimizi-kesfedin","status":"publish","type":"page","link":"https:\/\/hightoursegypt.com\/tr\/en-son-gunluk-turlarimizi-kesfedin\/","title":{"rendered":"En son G\u00fcnl\u00fck Turlar\u0131m\u0131z\u0131 ke\u015ffedin"},"content":{"rendered":"<div class=\"wpb-content-wrapper\"><p>[vc_row][vc_column][vc_column_text css=&#8221;&#8221;]High Tours Egypt, her biri gezginleri M\u0131s\u0131r&#8217;\u0131n tarihi, k\u00fclt\u00fcr\u00fc ve do\u011fal g\u00fczelliklerinin zengin dokusuna dald\u0131rmak i\u00e7in tasarlanm\u0131\u015f, titizlikle se\u00e7ilmi\u015f bir dizi g\u00fcnl\u00fck tur sunar. Tekliflerimiz farkl\u0131 ilgi alanlar\u0131na hitap etmekte ve her misafirin M\u0131s\u0131r&#8217;\u0131n \u00f6z\u00fcn\u00fc tek ve unutulmaz bir g\u00fcnde deneyimlemesini sa\u011flamaktad\u0131r.[\/vc_column_text][\/vc_column][\/vc_row]<\/p>\n<\/div>","protected":false},"excerpt":{"rendered":"<p>[vc_row][vc_column][vc_column_text css=&#8221;&#8221;]High Tours Egypt, her biri gezginleri M\u0131s\u0131r&#8217;\u0131n tarihi, k\u00fclt\u00fcr\u00fc ve do\u011fal g\u00fczelliklerinin zengin dokusuna dald\u0131rmak i\u00e7in tasarlanm\u0131\u015f, titizlikle se\u00e7ilmi\u015f bir dizi g\u00fcnl\u00fck tur sunar. Tekliflerimiz farkl\u0131 ilgi alanlar\u0131na hitap etmekte ve her misafirin M\u0131s\u0131r&#8217;\u0131n \u00f6z\u00fcn\u00fc tek ve unutulmaz bir g\u00fcnde deneyimlemesini sa\u011flamaktad\u0131r.[\/vc_column_text][\/vc_column][\/vc_row]<\/p>\n","protected":false},"author":427,"featured_media":0,"parent":0,"menu_order":0,"comment_status":"closed","ping_status":"closed","template":"page-tour-list.php","meta":{"footnotes":""},"class_list":["post-2873","page","type-page","status-publish","hentry"],"_links":{"self":[{"href":"https:\/\/hightoursegypt.com\/tr\/wp-json\/wp\/v2\/pages\/2873","targetHints":{"allow":["GET"]}}],"collection":[{"href":"https:\/\/hightoursegypt.com\/tr\/wp-json\/wp\/v2\/pages"}],"about":[{"href":"https:\/\/hightoursegypt.com\/tr\/wp-json\/wp\/v2\/types\/page"}],"author":[{"embeddable":true,"href":"https:\/\/hightoursegypt.com\/tr\/wp-json\/wp\/v2\/users\/427"}],"replies":[{"embeddable":true,"href":"https:\/\/hightoursegypt.com\/tr\/wp-json\/wp\/v2\/comments?post=2873"}],"version-history":[{"count":2,"href":"https:\/\/hightoursegypt.com\/tr\/wp-json\/wp\/v2\/pages\/2873\/revisions"}],"predecessor-version":[{"id":2875,"href":"https:\/\/hightoursegypt.com\/tr\/wp-json\/wp\/v2\/pages\/2873\/revisions\/2875"}],"wp:attachment":[{"href":"https:\/\/hightoursegypt.com\/tr\/wp-json\/wp\/v2\/media?parent=2873"}],"curies":[{"name":"wp","href":"https:\/\/api.w.org\/{rel}","templated":true}]}}