{"id":2870,"date":"2017-05-01T09:13:41","date_gmt":"2017-05-01T09:13:41","guid":{"rendered":"https:\/\/hightoursegypt.com\/tur-paketlerimizi-kesfedin\/"},"modified":"2025-05-22T13:02:24","modified_gmt":"2025-05-22T13:02:24","slug":"tur-paketlerimizi-kesfedin","status":"publish","type":"page","link":"https:\/\/hightoursegypt.com\/tr\/tur-paketlerimizi-kesfedin\/","title":{"rendered":"Tur Paketlerimizi Ke\u015ffedin"},"content":{"rendered":"<div class=\"wpb-content-wrapper\"><p>[vc_row][vc_column][vc_column_text css=&#8221;&#8221;]High Tours Egypt, gezginleri M\u0131s\u0131r&#8217;\u0131n tarihi, k\u00fclt\u00fcr\u00fc ve do\u011fal g\u00fczelliklerinin zengin dokusuna dald\u0131ran, titizlikle haz\u0131rlanm\u0131\u015f \u00e7e\u015fitli tur paketleri sunmaktad\u0131r. Her bir g\u00fczergah, konuklara \u00fclkenin sundu\u011fu en ikonik simge yap\u0131lara ve gizli m\u00fccevherlere tan\u0131kl\u0131k etmelerini sa\u011flayacak benzersiz bir deneyim sunmak \u00fczere tasarlanm\u0131\u015ft\u0131r.[\/vc_column_text][\/vc_column][\/vc_row]<\/p>\n<\/div>","protected":false},"excerpt":{"rendered":"<p>[vc_row][vc_column][vc_column_text css=&#8221;&#8221;]High Tours Egypt, gezginleri M\u0131s\u0131r&#8217;\u0131n tarihi, k\u00fclt\u00fcr\u00fc ve do\u011fal g\u00fczelliklerinin zengin dokusuna dald\u0131ran, titizlikle haz\u0131rlanm\u0131\u015f \u00e7e\u015fitli tur paketleri sunmaktad\u0131r. Her bir g\u00fczergah, konuklara \u00fclkenin sundu\u011fu en ikonik simge yap\u0131lara ve gizli m\u00fccevherlere tan\u0131kl\u0131k etmelerini sa\u011flayacak benzersiz bir deneyim sunmak \u00fczere tasarlanm\u0131\u015ft\u0131r.[\/vc_column_text][\/vc_column][\/vc_row]<\/p>\n","protected":false},"author":427,"featured_media":0,"parent":0,"menu_order":0,"comment_status":"closed","ping_status":"closed","template":"page-tour-list.php","meta":{"footnotes":""},"class_list":["post-2870","page","type-page","status-publish","hentry"],"_links":{"self":[{"href":"https:\/\/hightoursegypt.com\/tr\/wp-json\/wp\/v2\/pages\/2870","targetHints":{"allow":["GET"]}}],"collection":[{"href":"https:\/\/hightoursegypt.com\/tr\/wp-json\/wp\/v2\/pages"}],"about":[{"href":"https:\/\/hightoursegypt.com\/tr\/wp-json\/wp\/v2\/types\/page"}],"author":[{"embeddable":true,"href":"https:\/\/hightoursegypt.com\/tr\/wp-json\/wp\/v2\/users\/427"}],"replies":[{"embeddable":true,"href":"https:\/\/hightoursegypt.com\/tr\/wp-json\/wp\/v2\/comments?post=2870"}],"version-history":[{"count":2,"href":"https:\/\/hightoursegypt.com\/tr\/wp-json\/wp\/v2\/pages\/2870\/revisions"}],"predecessor-version":[{"id":2872,"href":"https:\/\/hightoursegypt.com\/tr\/wp-json\/wp\/v2\/pages\/2870\/revisions\/2872"}],"wp:attachment":[{"href":"https:\/\/hightoursegypt.com\/tr\/wp-json\/wp\/v2\/media?parent=2870"}],"curies":[{"name":"wp","href":"https:\/\/api.w.org\/{rel}","templated":true}]}}