{"id":2865,"date":"2025-01-28T23:30:42","date_gmt":"2025-01-28T23:30:42","guid":{"rendered":"https:\/\/hightoursegypt.com\/araba\/"},"modified":"2025-04-21T20:45:21","modified_gmt":"2025-04-21T20:45:21","slug":"araba","status":"publish","type":"page","link":"https:\/\/hightoursegypt.com\/tr\/araba\/","title":{"rendered":"Araba"},"content":{"rendered":"\n<div data-block-name=\"woocommerce\/cart\" class=\"wp-block-woocommerce-cart alignwide is-loading\">\n<div data-block-name=\"woocommerce\/filled-cart-block\" class=\"wp-block-woocommerce-filled-cart-block\">\n<div data-block-name=\"woocommerce\/cart-items-block\" class=\"wp-block-woocommerce-cart-items-block\">\n<div data-block-name=\"woocommerce\/cart-line-items-block\" class=\"wp-block-woocommerce-cart-line-items-block\"><\/div>\n\n\n\n<div data-block-name=\"woocommerce\/cart-cross-sells-block\" class=\"wp-block-woocommerce-cart-cross-sells-block\">\n<h2 class=\"wp-block-heading has-large-font-size\">\u0130lginizi \u00e7ekebilir&#8230;<\/h2>\n\n\n\n<div data-block-name=\"woocommerce\/cart-cross-sells-products-block\" class=\"wp-block-woocommerce-cart-cross-sells-products-block\"><\/div>\n<\/div>\n<\/div>\n\n\n\n<div data-block-name=\"woocommerce\/cart-totals-block\" class=\"wp-block-woocommerce-cart-totals-block\">\n<div data-block-name=\"woocommerce\/cart-order-summary-block\" class=\"wp-block-woocommerce-cart-order-summary-block\">\n<div data-block-name=\"woocommerce\/cart-order-summary-heading-block\" class=\"wp-block-woocommerce-cart-order-summary-heading-block\"><\/div><div data-block-name=\"woocommerce\/cart-order-summary-coupon-form-block\" class=\"wp-block-woocommerce-cart-order-summary-coupon-form-block\"><\/div><div data-block-name=\"woocommerce\/cart-order-summary-totals-block\" class=\"wp-block-woocommerce-cart-order-summary-totals-block\">\n<div data-block-name=\"woocommerce\/cart-order-summary-subtotal-block\" class=\"wp-block-woocommerce-cart-order-summary-subtotal-block\"><\/div>\n<div data-block-name=\"woocommerce\/cart-order-summary-discount-block\" class=\"wp-block-woocommerce-cart-order-summary-discount-block\"><\/div>\n<div data-block-name=\"woocommerce\/cart-order-summary-fee-block\" class=\"wp-block-woocommerce-cart-order-summary-fee-block\"><\/div>\n<div data-block-name=\"woocommerce\/cart-order-summary-shipping-block\" class=\"wp-block-woocommerce-cart-order-summary-shipping-block\"><\/div>\n<div data-block-name=\"woocommerce\/cart-order-summary-taxes-block\" class=\"wp-block-woocommerce-cart-order-summary-taxes-block\"><\/div><\/div>\n<\/div>\n\n\n\n<div data-block-name=\"woocommerce\/cart-express-payment-block\" class=\"wp-block-woocommerce-cart-express-payment-block\"><\/div>\n\n\n\n<div data-block-name=\"woocommerce\/proceed-to-checkout-block\" class=\"wp-block-woocommerce-proceed-to-checkout-block\"><\/div>\n\n\n\n<div data-block-name=\"woocommerce\/cart-accepted-payment-methods-block\" class=\"wp-block-woocommerce-cart-accepted-payment-methods-block\"><\/div>\n<\/div>\n<\/div>\n\n\n\n<div data-block-name=\"woocommerce\/empty-cart-block\" class=\"wp-block-woocommerce-empty-cart-block\">\n<h2 class=\"wp-block-heading has-text-align-center with-empty-cart-icon wc-block-cart__empty-cart__title\">Sepetiniz \u015fu anda bo\u015f!<\/h2>\n\n\n\n<hr class=\"wp-block-separator has-alpha-channel-opacity is-style-dots\"\/>\n\n\n\n<h2 class=\"wp-block-heading has-text-align-center\">Ma\u011fazada yeni<\/h2>\n\n\n<div data-block-name=\"woocommerce\/product-new\" data-columns=\"4\" data-rows=\"1\" class=\"wc-block-grid wp-block-product-new wp-block-woocommerce-product-new wc-block-product-new has-4-columns\"><ul class=\"wc-block-grid__products\"><li class=\"wc-block-grid__product\">\n\t\t\t\t<a href=\"https:\/\/hightoursegypt.com\/tr\/urun\/bookyourtravel-tour-product\/\" class=\"wc-block-grid__product-link\">\n\t\t\t\t\t\n\t\t\t\t\t<div class=\"wc-block-grid__product-image\"><img loading=\"lazy\" decoding=\"async\" width=\"300\" height=\"300\" src=\"https:\/\/hightoursegypt.com\/wp-content\/uploads\/woocommerce-placeholder-300x300.png\" class=\"woocommerce-placeholder wp-post-image\" alt=\"\" srcset=\"https:\/\/hightoursegypt.com\/wp-content\/uploads\/woocommerce-placeholder-300x300.png 300w, https:\/\/hightoursegypt.com\/wp-content\/uploads\/woocommerce-placeholder-100x100.png 100w, https:\/\/hightoursegypt.com\/wp-content\/uploads\/woocommerce-placeholder-600x600.png 600w, https:\/\/hightoursegypt.com\/wp-content\/uploads\/woocommerce-placeholder-1024x1024.png 1024w, https:\/\/hightoursegypt.com\/wp-content\/uploads\/woocommerce-placeholder-768x768.png 768w, https:\/\/hightoursegypt.com\/wp-content\/uploads\/woocommerce-placeholder.png 1200w\" sizes=\"auto, (max-width: 300px) 100vw, 300px\" \/><\/div>\n\t\t\t\t\t<div class=\"wc-block-grid__product-title\">BookYourTravel Tours Product<\/div>\n\t\t\t\t<\/a>\n\t\t\t\t<div class=\"wc-block-grid__product-price price\"><\/div>\n\t\t\t\t\n\t\t\t\t<div class=\"wp-block-button wc-block-grid__product-add-to-cart\"><a href=\"https:\/\/hightoursegypt.com\/tr\/urun\/bookyourtravel-tour-product\/\" aria-label=\"&ldquo;BookYourTravel Tours Product&rdquo; i\u00e7in se\u00e7enekleri se\u00e7in\" data-quantity=\"1\" data-product_id=\"2818\" data-product_sku=\"bookyourtravel_tour_booking_721614\" data-price=\"0\" rel=\"nofollow\" class=\"wp-block-button__link  add_to_cart_button\">Devam\u0131n\u0131 oku<\/a><\/div>\n\t\t\t<\/li><li class=\"wc-block-grid__product\">\n\t\t\t\t<a href=\"https:\/\/hightoursegypt.com\/tr\/urun\/bookyourtravel-car-rental-product\/\" class=\"wc-block-grid__product-link\">\n\t\t\t\t\t\n\t\t\t\t\t<div class=\"wc-block-grid__product-image\"><img loading=\"lazy\" decoding=\"async\" width=\"300\" height=\"300\" src=\"https:\/\/hightoursegypt.com\/wp-content\/uploads\/woocommerce-placeholder-300x300.png\" class=\"woocommerce-placeholder wp-post-image\" alt=\"\" srcset=\"https:\/\/hightoursegypt.com\/wp-content\/uploads\/woocommerce-placeholder-300x300.png 300w, https:\/\/hightoursegypt.com\/wp-content\/uploads\/woocommerce-placeholder-100x100.png 100w, https:\/\/hightoursegypt.com\/wp-content\/uploads\/woocommerce-placeholder-600x600.png 600w, https:\/\/hightoursegypt.com\/wp-content\/uploads\/woocommerce-placeholder-1024x1024.png 1024w, https:\/\/hightoursegypt.com\/wp-content\/uploads\/woocommerce-placeholder-768x768.png 768w, https:\/\/hightoursegypt.com\/wp-content\/uploads\/woocommerce-placeholder.png 1200w\" sizes=\"auto, (max-width: 300px) 100vw, 300px\" \/><\/div>\n\t\t\t\t\t<div class=\"wc-block-grid__product-title\">BookYourTravel Car Rentals Product<\/div>\n\t\t\t\t<\/a>\n\t\t\t\t<div class=\"wc-block-grid__product-price price\"><\/div>\n\t\t\t\t\n\t\t\t\t<div class=\"wp-block-button wc-block-grid__product-add-to-cart\"><a href=\"https:\/\/hightoursegypt.com\/tr\/urun\/bookyourtravel-car-rental-product\/\" aria-label=\"&ldquo;BookYourTravel Car Rentals Product&rdquo; i\u00e7in se\u00e7enekleri se\u00e7in\" data-quantity=\"1\" data-product_id=\"2817\" data-product_sku=\"bookyourtravel_car_rental_booking_850770\" data-price=\"0\" rel=\"nofollow\" class=\"wp-block-button__link  add_to_cart_button\">Devam\u0131n\u0131 oku<\/a><\/div>\n\t\t\t<\/li><li class=\"wc-block-grid__product\">\n\t\t\t\t<a href=\"https:\/\/hightoursegypt.com\/tr\/urun\/bookyourtravel-cruise-product\/\" class=\"wc-block-grid__product-link\">\n\t\t\t\t\t\n\t\t\t\t\t<div class=\"wc-block-grid__product-image\"><img loading=\"lazy\" decoding=\"async\" width=\"300\" height=\"300\" src=\"https:\/\/hightoursegypt.com\/wp-content\/uploads\/woocommerce-placeholder-300x300.png\" class=\"woocommerce-placeholder wp-post-image\" alt=\"\" srcset=\"https:\/\/hightoursegypt.com\/wp-content\/uploads\/woocommerce-placeholder-300x300.png 300w, https:\/\/hightoursegypt.com\/wp-content\/uploads\/woocommerce-placeholder-100x100.png 100w, https:\/\/hightoursegypt.com\/wp-content\/uploads\/woocommerce-placeholder-600x600.png 600w, https:\/\/hightoursegypt.com\/wp-content\/uploads\/woocommerce-placeholder-1024x1024.png 1024w, https:\/\/hightoursegypt.com\/wp-content\/uploads\/woocommerce-placeholder-768x768.png 768w, https:\/\/hightoursegypt.com\/wp-content\/uploads\/woocommerce-placeholder.png 1200w\" sizes=\"auto, (max-width: 300px) 100vw, 300px\" \/><\/div>\n\t\t\t\t\t<div class=\"wc-block-grid__product-title\">BookYourTravel Cruises Product<\/div>\n\t\t\t\t<\/a>\n\t\t\t\t<div class=\"wc-block-grid__product-price price\"><\/div>\n\t\t\t\t\n\t\t\t\t<div class=\"wp-block-button wc-block-grid__product-add-to-cart\"><a href=\"https:\/\/hightoursegypt.com\/tr\/urun\/bookyourtravel-cruise-product\/\" aria-label=\"&ldquo;BookYourTravel Cruises Product&rdquo; i\u00e7in se\u00e7enekleri se\u00e7in\" data-quantity=\"1\" data-product_id=\"2816\" data-product_sku=\"bookyourtravel_cruise_booking_513913\" data-price=\"0\" rel=\"nofollow\" class=\"wp-block-button__link  add_to_cart_button\">Devam\u0131n\u0131 oku<\/a><\/div>\n\t\t\t<\/li><li class=\"wc-block-grid__product\">\n\t\t\t\t<a href=\"https:\/\/hightoursegypt.com\/tr\/urun\/bookyourtravel-accommodation-product\/\" class=\"wc-block-grid__product-link\">\n\t\t\t\t\t\n\t\t\t\t\t<div class=\"wc-block-grid__product-image\"><img loading=\"lazy\" decoding=\"async\" width=\"300\" height=\"300\" src=\"https:\/\/hightoursegypt.com\/wp-content\/uploads\/woocommerce-placeholder-300x300.png\" class=\"woocommerce-placeholder wp-post-image\" alt=\"\" srcset=\"https:\/\/hightoursegypt.com\/wp-content\/uploads\/woocommerce-placeholder-300x300.png 300w, https:\/\/hightoursegypt.com\/wp-content\/uploads\/woocommerce-placeholder-100x100.png 100w, https:\/\/hightoursegypt.com\/wp-content\/uploads\/woocommerce-placeholder-600x600.png 600w, https:\/\/hightoursegypt.com\/wp-content\/uploads\/woocommerce-placeholder-1024x1024.png 1024w, https:\/\/hightoursegypt.com\/wp-content\/uploads\/woocommerce-placeholder-768x768.png 768w, https:\/\/hightoursegypt.com\/wp-content\/uploads\/woocommerce-placeholder.png 1200w\" sizes=\"auto, (max-width: 300px) 100vw, 300px\" \/><\/div>\n\t\t\t\t\t<div class=\"wc-block-grid__product-title\">BookYourTravel Accommodations Product<\/div>\n\t\t\t\t<\/a>\n\t\t\t\t<div class=\"wc-block-grid__product-price price\"><\/div>\n\t\t\t\t\n\t\t\t\t<div class=\"wp-block-button wc-block-grid__product-add-to-cart\"><a href=\"https:\/\/hightoursegypt.com\/tr\/urun\/bookyourtravel-accommodation-product\/\" aria-label=\"&ldquo;BookYourTravel Accommodations Product&rdquo; i\u00e7in se\u00e7enekleri se\u00e7in\" data-quantity=\"1\" data-product_id=\"2815\" data-product_sku=\"bookyourtravel_accommodation_booking_617997\" data-price=\"0\" rel=\"nofollow\" class=\"wp-block-button__link  add_to_cart_button\">Devam\u0131n\u0131 oku<\/a><\/div>\n\t\t\t<\/li><\/ul><\/div><\/div>\n<\/div>\n","protected":false},"excerpt":{"rendered":"\u0130lginizi \u00e7ekebilir... Sepetiniz \u015fu anda bo\u015f! Ma\u011fazada yeni","protected":false},"author":427,"featured_media":0,"parent":0,"menu_order":0,"comment_status":"closed","ping_status":"closed","template":"","meta":{"footnotes":""},"class_list":["post-2865","page","type-page","status-publish","hentry"],"_links":{"self":[{"href":"https:\/\/hightoursegypt.com\/tr\/wp-json\/wp\/v2\/pages\/2865","targetHints":{"allow":["GET"]}}],"collection":[{"href":"https:\/\/hightoursegypt.com\/tr\/wp-json\/wp\/v2\/pages"}],"about":[{"href":"https:\/\/hightoursegypt.com\/tr\/wp-json\/wp\/v2\/types\/page"}],"author":[{"embeddable":true,"href":"https:\/\/hightoursegypt.com\/tr\/wp-json\/wp\/v2\/users\/427"}],"replies":[{"embeddable":true,"href":"https:\/\/hightoursegypt.com\/tr\/wp-json\/wp\/v2\/comments?post=2865"}],"version-history":[{"count":1,"href":"https:\/\/hightoursegypt.com\/tr\/wp-json\/wp\/v2\/pages\/2865\/revisions"}],"predecessor-version":[{"id":2866,"href":"https:\/\/hightoursegypt.com\/tr\/wp-json\/wp\/v2\/pages\/2865\/revisions\/2866"}],"wp:attachment":[{"href":"https:\/\/hightoursegypt.com\/tr\/wp-json\/wp\/v2\/media?parent=2865"}],"curies":[{"name":"wp","href":"https:\/\/api.w.org\/{rel}","templated":true}]}}