{"id":2772,"date":"2025-01-31T01:40:28","date_gmt":"2025-01-31T01:40:28","guid":{"rendered":"https:\/\/hightoursegypt.com\/decouvrez-nos-derniers-circuits-dune-journee\/"},"modified":"2025-05-22T13:15:00","modified_gmt":"2025-05-22T13:15:00","slug":"decouvrez-nos-derniers-circuits-dune-journee","status":"publish","type":"page","link":"https:\/\/hightoursegypt.com\/fr\/decouvrez-nos-derniers-circuits-dune-journee\/","title":{"rendered":"D\u00e9couvrez nos derniers circuits d&rsquo;une journ\u00e9e"},"content":{"rendered":"<div class=\"wpb-content-wrapper\"><p>[vc_row][vc_column][vc_column_text css=\u00a0\u00bb\u00a0\u00bb]High Tours Egypt propose un \u00e9ventail d&rsquo;excursions d&rsquo;une journ\u00e9e m\u00e9ticuleusement con\u00e7ues pour plonger les voyageurs dans la riche tapisserie de l&rsquo;histoire, de la culture et de la beaut\u00e9 naturelle de l&rsquo;\u00c9gypte. Nos offres r\u00e9pondent \u00e0 des int\u00e9r\u00eats divers, garantissant que chaque invit\u00e9 d\u00e9couvre l&rsquo;essence de l&rsquo;\u00c9gypte en une seule journ\u00e9e inoubliable.[\/vc_column_text][\/vc_column][\/vc_row]<\/p>\n<\/div>","protected":false},"excerpt":{"rendered":"<p>[vc_row][vc_column][vc_column_text css=\u00a0\u00bb\u00a0\u00bb]High Tours Egypt propose un \u00e9ventail d&rsquo;excursions d&rsquo;une journ\u00e9e m\u00e9ticuleusement con\u00e7ues pour plonger les voyageurs dans la riche tapisserie de l&rsquo;histoire, de la culture et de la beaut\u00e9 naturelle de l&rsquo;\u00c9gypte. Nos offres r\u00e9pondent \u00e0 des int\u00e9r\u00eats divers, garantissant que chaque invit\u00e9 d\u00e9couvre l&rsquo;essence de l&rsquo;\u00c9gypte en une seule journ\u00e9e inoubliable.[\/vc_column_text][\/vc_column][\/vc_row]<\/p>\n","protected":false},"author":427,"featured_media":0,"parent":0,"menu_order":0,"comment_status":"closed","ping_status":"closed","template":"page-tour-list.php","meta":{"footnotes":""},"class_list":["post-2772","page","type-page","status-publish","hentry"],"_links":{"self":[{"href":"https:\/\/hightoursegypt.com\/fr\/wp-json\/wp\/v2\/pages\/2772","targetHints":{"allow":["GET"]}}],"collection":[{"href":"https:\/\/hightoursegypt.com\/fr\/wp-json\/wp\/v2\/pages"}],"about":[{"href":"https:\/\/hightoursegypt.com\/fr\/wp-json\/wp\/v2\/types\/page"}],"author":[{"embeddable":true,"href":"https:\/\/hightoursegypt.com\/fr\/wp-json\/wp\/v2\/users\/427"}],"replies":[{"embeddable":true,"href":"https:\/\/hightoursegypt.com\/fr\/wp-json\/wp\/v2\/comments?post=2772"}],"version-history":[{"count":3,"href":"https:\/\/hightoursegypt.com\/fr\/wp-json\/wp\/v2\/pages\/2772\/revisions"}],"predecessor-version":[{"id":2955,"href":"https:\/\/hightoursegypt.com\/fr\/wp-json\/wp\/v2\/pages\/2772\/revisions\/2955"}],"wp:attachment":[{"href":"https:\/\/hightoursegypt.com\/fr\/wp-json\/wp\/v2\/media?parent=2772"}],"curies":[{"name":"wp","href":"https:\/\/api.w.org\/{rel}","templated":true}]}}