{"id":2721,"date":"2017-05-01T09:13:41","date_gmt":"2017-05-01T09:13:41","guid":{"rendered":"https:\/\/hightoursegypt.com\/forfait-voyage\/"},"modified":"2025-05-22T13:03:23","modified_gmt":"2025-05-22T13:03:23","slug":"forfait-voyage","status":"publish","type":"page","link":"https:\/\/hightoursegypt.com\/fr\/forfait-voyage\/","title":{"rendered":"Forfait voyage"},"content":{"rendered":"<div class=\"wpb-content-wrapper\"><p>[vc_row][vc_column][vc_column_text css=\u00a0\u00bb\u00a0\u00bb]High Tours Egypt propose une vari\u00e9t\u00e9 de forfaits touristiques m\u00e9ticuleusement con\u00e7us qui plongent les voyageurs dans la riche tapisserie de l&rsquo;histoire, de la culture et de la beaut\u00e9 naturelle de l&rsquo;\u00c9gypte. Chaque itin\u00e9raire est con\u00e7u pour offrir une exp\u00e9rience in\u00e9gal\u00e9e, garantissant aux clients de d\u00e9couvrir les monuments les plus embl\u00e9matiques et les joyaux cach\u00e9s que le pays a \u00e0 offrir.[\/vc_column_text][\/vc_column][\/vc_row]<\/p>\n<\/div>","protected":false},"excerpt":{"rendered":"<p>[vc_row][vc_column][vc_column_text css=\u00a0\u00bb\u00a0\u00bb]High Tours Egypt propose une vari\u00e9t\u00e9 de forfaits touristiques m\u00e9ticuleusement con\u00e7us qui plongent les voyageurs dans la riche tapisserie de l&rsquo;histoire, de la culture et de la beaut\u00e9 naturelle de l&rsquo;\u00c9gypte. Chaque itin\u00e9raire est con\u00e7u pour offrir une exp\u00e9rience in\u00e9gal\u00e9e, garantissant aux clients de d\u00e9couvrir les monuments les plus embl\u00e9matiques et les joyaux cach\u00e9s [&hellip;]<\/p>\n","protected":false},"author":427,"featured_media":0,"parent":0,"menu_order":0,"comment_status":"closed","ping_status":"closed","template":"page-tour-list.php","meta":{"footnotes":""},"class_list":["post-2721","page","type-page","status-publish","hentry"],"_links":{"self":[{"href":"https:\/\/hightoursegypt.com\/fr\/wp-json\/wp\/v2\/pages\/2721","targetHints":{"allow":["GET"]}}],"collection":[{"href":"https:\/\/hightoursegypt.com\/fr\/wp-json\/wp\/v2\/pages"}],"about":[{"href":"https:\/\/hightoursegypt.com\/fr\/wp-json\/wp\/v2\/types\/page"}],"author":[{"embeddable":true,"href":"https:\/\/hightoursegypt.com\/fr\/wp-json\/wp\/v2\/users\/427"}],"replies":[{"embeddable":true,"href":"https:\/\/hightoursegypt.com\/fr\/wp-json\/wp\/v2\/comments?post=2721"}],"version-history":[{"count":2,"href":"https:\/\/hightoursegypt.com\/fr\/wp-json\/wp\/v2\/pages\/2721\/revisions"}],"predecessor-version":[{"id":2723,"href":"https:\/\/hightoursegypt.com\/fr\/wp-json\/wp\/v2\/pages\/2721\/revisions\/2723"}],"wp:attachment":[{"href":"https:\/\/hightoursegypt.com\/fr\/wp-json\/wp\/v2\/media?parent=2721"}],"curies":[{"name":"wp","href":"https:\/\/api.w.org\/{rel}","templated":true}]}}