{"id":2775,"date":"2025-01-31T01:40:28","date_gmt":"2025-01-31T01:40:28","guid":{"rendered":"https:\/\/hightoursegypt.com\/entdecken-sie-unsere-neuesten-tagestouren\/"},"modified":"2025-05-22T13:13:09","modified_gmt":"2025-05-22T13:13:09","slug":"entdecken-sie-unsere-neuesten-tagestouren","status":"publish","type":"page","link":"https:\/\/hightoursegypt.com\/de\/entdecken-sie-unsere-neuesten-tagestouren\/","title":{"rendered":"Entdecken Sie unsere neuesten Tagestouren"},"content":{"rendered":"<div class=\"wpb-content-wrapper\"><p>[vc_row][vc_column][vc_column_text css=&#8220;&#8220;]High Tours Egypt bietet eine Reihe sorgf\u00e4ltig zusammengestellter Tagestouren an, von denen jede einzelne dazu dient, Reisende in die reiche Geschichte, Kultur und nat\u00fcrliche Sch\u00f6nheit \u00c4gyptens einzutauchen. Unser Angebot richtet sich an die unterschiedlichsten Interessen und sorgt daf\u00fcr, dass jeder Gast die Essenz \u00c4gyptens an einem einzigen, unvergesslichen Tag erlebt.[\/vc_column_text][\/vc_column][\/vc_row]<\/p>\n<\/div>","protected":false},"excerpt":{"rendered":"<p>[vc_row][vc_column][vc_column_text css=&#8220;&#8220;]High Tours Egypt bietet eine Reihe sorgf\u00e4ltig zusammengestellter Tagestouren an, von denen jede einzelne dazu dient, Reisende in die reiche Geschichte, Kultur und nat\u00fcrliche Sch\u00f6nheit \u00c4gyptens einzutauchen. Unser Angebot richtet sich an die unterschiedlichsten Interessen und sorgt daf\u00fcr, dass jeder Gast die Essenz \u00c4gyptens an einem einzigen, unvergesslichen Tag erlebt.[\/vc_column_text][\/vc_column][\/vc_row]<\/p>\n","protected":false},"author":427,"featured_media":0,"parent":0,"menu_order":0,"comment_status":"closed","ping_status":"closed","template":"page-tour-list.php","meta":{"footnotes":""},"class_list":["post-2775","page","type-page","status-publish","hentry"],"_links":{"self":[{"href":"https:\/\/hightoursegypt.com\/de\/wp-json\/wp\/v2\/pages\/2775","targetHints":{"allow":["GET"]}}],"collection":[{"href":"https:\/\/hightoursegypt.com\/de\/wp-json\/wp\/v2\/pages"}],"about":[{"href":"https:\/\/hightoursegypt.com\/de\/wp-json\/wp\/v2\/types\/page"}],"author":[{"embeddable":true,"href":"https:\/\/hightoursegypt.com\/de\/wp-json\/wp\/v2\/users\/427"}],"replies":[{"embeddable":true,"href":"https:\/\/hightoursegypt.com\/de\/wp-json\/wp\/v2\/comments?post=2775"}],"version-history":[{"count":2,"href":"https:\/\/hightoursegypt.com\/de\/wp-json\/wp\/v2\/pages\/2775\/revisions"}],"predecessor-version":[{"id":2777,"href":"https:\/\/hightoursegypt.com\/de\/wp-json\/wp\/v2\/pages\/2775\/revisions\/2777"}],"wp:attachment":[{"href":"https:\/\/hightoursegypt.com\/de\/wp-json\/wp\/v2\/media?parent=2775"}],"curies":[{"name":"wp","href":"https:\/\/api.w.org\/{rel}","templated":true}]}}