{"id":2724,"date":"2017-05-01T09:13:41","date_gmt":"2017-05-01T09:13:41","guid":{"rendered":"https:\/\/hightoursegypt.com\/forfaits-touristiques\/"},"modified":"2025-05-22T13:08:42","modified_gmt":"2025-05-22T13:08:42","slug":"forfaits-touristiques","status":"publish","type":"page","link":"https:\/\/hightoursegypt.com\/de\/forfaits-touristiques\/","title":{"rendered":"Reisepakete"},"content":{"rendered":"<div class=\"wpb-content-wrapper\"><p>[vc_row][vc_column][vc_column_text css=&#8220;&#8220;]High Tours Egypt bietet eine Vielzahl sorgf\u00e4ltig zusammengestellter Reisepakete, die Reisende in die reiche Geschichte, Kultur und Natur \u00c4gyptens eintauchen lassen. Jede Reise ist darauf ausgelegt, ein unvergleichliches Erlebnis zu bieten und sicherzustellen, dass G\u00e4ste die ber\u00fchmtesten Sehensw\u00fcrdigkeiten und verborgenen Sch\u00e4tze des Landes entdecken.[\/vc_column_text][\/vc_column][\/vc_row]<\/p>\n<\/div>","protected":false},"excerpt":{"rendered":"<p>[vc_row][vc_column][vc_column_text css=&#8220;&#8220;]High Tours Egypt bietet eine Vielzahl sorgf\u00e4ltig zusammengestellter Reisepakete, die Reisende in die reiche Geschichte, Kultur und Natur \u00c4gyptens eintauchen lassen. Jede Reise ist darauf ausgelegt, ein unvergleichliches Erlebnis zu bieten und sicherzustellen, dass G\u00e4ste die ber\u00fchmtesten Sehensw\u00fcrdigkeiten und verborgenen Sch\u00e4tze des Landes entdecken.[\/vc_column_text][\/vc_column][\/vc_row]<\/p>\n","protected":false},"author":427,"featured_media":0,"parent":0,"menu_order":0,"comment_status":"closed","ping_status":"closed","template":"page-tour-list.php","meta":{"footnotes":""},"class_list":["post-2724","page","type-page","status-publish","hentry"],"_links":{"self":[{"href":"https:\/\/hightoursegypt.com\/de\/wp-json\/wp\/v2\/pages\/2724","targetHints":{"allow":["GET"]}}],"collection":[{"href":"https:\/\/hightoursegypt.com\/de\/wp-json\/wp\/v2\/pages"}],"about":[{"href":"https:\/\/hightoursegypt.com\/de\/wp-json\/wp\/v2\/types\/page"}],"author":[{"embeddable":true,"href":"https:\/\/hightoursegypt.com\/de\/wp-json\/wp\/v2\/users\/427"}],"replies":[{"embeddable":true,"href":"https:\/\/hightoursegypt.com\/de\/wp-json\/wp\/v2\/comments?post=2724"}],"version-history":[{"count":5,"href":"https:\/\/hightoursegypt.com\/de\/wp-json\/wp\/v2\/pages\/2724\/revisions"}],"predecessor-version":[{"id":2729,"href":"https:\/\/hightoursegypt.com\/de\/wp-json\/wp\/v2\/pages\/2724\/revisions\/2729"}],"wp:attachment":[{"href":"https:\/\/hightoursegypt.com\/de\/wp-json\/wp\/v2\/media?parent=2724"}],"curies":[{"name":"wp","href":"https:\/\/api.w.org\/{rel}","templated":true}]}}